{"id":1068,"date":"2022-08-31T18:46:35","date_gmt":"2022-08-31T16:46:35","guid":{"rendered":"https:\/\/eoes-france.fr\/?page_id=1068"},"modified":"2022-09-01T16:11:45","modified_gmt":"2022-09-01T14:11:45","slug":"resultats","status":"publish","type":"page","link":"https:\/\/eoes-france.fr\/index.php\/resultats\/","title":{"rendered":"R\u00e9sultats"},"content":{"rendered":"\n<div class=\"wp-block-media-text alignwide has-media-on-the-right is-stacked-on-mobile is-vertically-aligned-center has-background\" style=\"background-color:#f1f5c7;grid-template-columns:auto 33%\"><figure class=\"wp-block-media-text__media\"><a href=\"https:\/\/eoes-france.fr\/index.php\/resultats-qcm-de-selection-decembre-2021\/\"><img fetchpriority=\"high\" width=\"435\" height=\"360\" src=\"https:\/\/eoes-france.fr\/wp-content\/uploads\/2022\/09\/360_F_38926437_egvy63N7oEgoIrXOClyA7chlggq1AsEe.jpg\" alt=\"\" class=\"wp-image-1087 size-full\" srcset=\"https:\/\/eoes-france.fr\/wp-content\/uploads\/2022\/09\/360_F_38926437_egvy63N7oEgoIrXOClyA7chlggq1AsEe.jpg 435w, https:\/\/eoes-france.fr\/wp-content\/uploads\/2022\/09\/360_F_38926437_egvy63N7oEgoIrXOClyA7chlggq1AsEe-300x248.jpg 300w\" sizes=\"(max-width: 435px) 100vw, 435px\" \/><\/a><\/figure><div class=\"wp-block-media-text__content\">\n<div class=\"wp-container-1 wp-block-group\" style=\"padding-top:2em;padding-right:2em;padding-bottom:2em;padding-left:2em\"><div class=\"wp-block-group__inner-container\">\n<p style=\"font-size:36px;line-height:1.2\">Les r\u00e9sultats du QCM en ligne de pr\u00e9s\u00e9lection <\/p>\n\n\n\n<p><\/p>\n\n\n\n<p class=\"has-extra-small-font-size\">D\u00e9cembre 2021<\/p>\n<\/div><\/div>\n<\/div><\/div>\n\n\n\n<div class=\"wp-block-media-text alignwide is-stacked-on-mobile is-vertically-aligned-center has-background\" style=\"background-color:#fffdea;grid-template-columns:40% auto\"><figure class=\"wp-block-media-text__media\"><a href=\"https:\/\/eoes-france.fr\/index.php\/resultats-de-lepreuve-pratique-de-selection-2020\/\"><img width=\"371\" height=\"343\" src=\"https:\/\/eoes-france.fr\/wp-content\/uploads\/2022\/09\/Capture-de\u0301cran-2022-09-01-a\u0300-16.07.35.jpg\" alt=\"\" class=\"wp-image-1088 size-full\" srcset=\"https:\/\/eoes-france.fr\/wp-content\/uploads\/2022\/09\/Capture-de\u0301cran-2022-09-01-a\u0300-16.07.35.jpg 371w, https:\/\/eoes-france.fr\/wp-content\/uploads\/2022\/09\/Capture-de\u0301cran-2022-09-01-a\u0300-16.07.35-300x277.jpg 300w\" sizes=\"(max-width: 371px) 100vw, 371px\" \/><\/a><\/figure><div class=\"wp-block-media-text__content\">\n<div class=\"wp-container-2 wp-block-group\" style=\"padding-top:2em;padding-right:2em;padding-bottom:2em;padding-left:2em\"><div class=\"wp-block-group__inner-container\">\n<p style=\"font-size:36px;line-height:1.2\"><strong>Les r\u00e9sultats des \u00e9preuves pratiques de s\u00e9lection<\/strong><\/p>\n\n\n\n<p class=\"has-extra-small-font-size\">F\u00e9vrier 2022<\/p>\n<\/div><\/div>\n<\/div><\/div>\n\n\n\n<p><\/p>\n","protected":false},"excerpt":{"rendered":"","protected":false},"author":1,"featured_media":0,"parent":0,"menu_order":0,"comment_status":"closed","ping_status":"closed","template":"","meta":[],"_links":{"self":[{"href":"https:\/\/eoes-france.fr\/index.php\/wp-json\/wp\/v2\/pages\/1068"}],"collection":[{"href":"https:\/\/eoes-france.fr\/index.php\/wp-json\/wp\/v2\/pages"}],"about":[{"href":"https:\/\/eoes-france.fr\/index.php\/wp-json\/wp\/v2\/types\/page"}],"author":[{"embeddable":true,"href":"https:\/\/eoes-france.fr\/index.php\/wp-json\/wp\/v2\/users\/1"}],"replies":[{"embeddable":true,"href":"https:\/\/eoes-france.fr\/index.php\/wp-json\/wp\/v2\/comments?post=1068"}],"version-history":[{"count":3,"href":"https:\/\/eoes-france.fr\/index.php\/wp-json\/wp\/v2\/pages\/1068\/revisions"}],"predecessor-version":[{"id":1090,"href":"https:\/\/eoes-france.fr\/index.php\/wp-json\/wp\/v2\/pages\/1068\/revisions\/1090"}],"wp:attachment":[{"href":"https:\/\/eoes-france.fr\/index.php\/wp-json\/wp\/v2\/media?parent=1068"}],"curies":[{"name":"wp","href":"https:\/\/api.w.org\/{rel}","templated":true}]}}